{"id":8027,"date":"2023-06-14T10:48:26","date_gmt":"2023-06-14T08:48:26","guid":{"rendered":"https:\/\/www.willemspackaging.com\/products\/sac-de-transport-en-coton-gots\/"},"modified":"2024-07-30T15:51:00","modified_gmt":"2024-07-30T13:51:00","slug":"sac-de-transport-en-coton-gots","status":"publish","type":"product","link":"https:\/\/www.willemspackaging.com\/fr\/produits\/sac-de-transport-en-coton-gots\/","title":{"rendered":"Sac de transport en coton GOTS"},"content":{"rendered":"<h2>Sac de transport en coton GOTS<\/h2>\n<p>Le mat\u00e9riau du sac : coton<\/p>\n<p>Le coton est une fibre naturelle qui offre de nombreux avantages pour les emballages. Il est doux, durable, l\u00e9ger et biod\u00e9gradable. Ce sac en coton certifi\u00e9 GOTS prot\u00e8ge vos produits contre la poussi\u00e8re et l&#8217;humidit\u00e9 tout en permettant une bonne respirabilit\u00e9. Le coton est \u00e9galement facile \u00e0 laver et \u00e0 r\u00e9utiliser, ce qui en fait une solution d&#8217;emballage respectueuse de l&#8217;environnement et rentable.<\/p>\n<p>Contactez-nous pour plus d&#8217;informations sur\u00a0<strong>Sac de transport en coton GOTS<\/strong><\/p>\n<h5>Signification du GOTS pour cet emballage<\/h5>\n<p>GOTS signifie Global Organic Textile Standard. Il s&#8217;agit d&#8217;une certification de r\u00e9f\u00e9rence mondiale pour les textiles biologiques. Elle offre des garanties de durabilit\u00e9 de la fili\u00e8re textile, de la culture \u00e0 la production et au commerce.<\/p>\n<p>En choisissant un sac en coton certifi\u00e9 GOTS, vous soutenez une industrie textile durable et \u00e9thique.<\/p>\n<p>Contactez-nous pour plus d&#8217;informations sur\u00a0<strong>Sac de transport en coton GOTS<\/strong><\/p>\n<h5>Personnalisation du sac en coton certifi\u00e9 GOTS<\/h5>\n<p>Vous souhaitez ajouter plus de personnalit\u00e9 au sac en coton certifi\u00e9 GOTS ? Cet emballage est id\u00e9al pour l&#8217;impression et est disponible dans plusieurs couleurs. Parfait pour promouvoir durablement votre marque. Contactez-nous pour des options de personnalisation sur mesure et un devis !<\/p>\n<p class=\"p1\">Contactez-nous pour plus d&#8217;informations sur\u00a0<strong>Sac de transport en coton GOTS<\/strong><\/p>\n<p><img fetchpriority=\"high\" decoding=\"async\" class=\"attachment-266x266 alignnone\" src=\"https:\/\/www.willemspackaging.com\/wp-content\/uploads\/2023\/06\/cotton-GOTS-carrier-bag-1-1.jpg\" alt=\"Sac de transport en coton GOTS\" width=\"266\" height=\"266\" title=\"\"><\/p>\n","protected":false},"excerpt":{"rendered":"<p><span style=\"font-weight: 400;\">Ce sac de transport est fabriqu\u00e9 en coton conforme \u00e0 la norme GOTS (Global Organic Textile Standard). Le mat\u00e9riau respirant garde le contenu frais et ventil\u00e9. Le design du sac de transport est personnalisable gr\u00e2ce \u00e0 l&#8217;impression et est disponible en diff\u00e9rentes couleurs et tailles.<\/span><\/p>\n<p><span style=\"font-weight: 400;\">L&#8217;emballage \u00e9tant constitu\u00e9 d&#8217;un seul mat\u00e9riau, il peut \u00eatre correctement recycl\u00e9 \u00e0 sa fin de vie.<\/span><\/p>\n","protected":false},"featured_media":8028,"template":"","meta":{"site-sidebar-layout":"default","site-content-layout":"default","ast-site-content-layout":"default","site-content-style":"default","site-sidebar-style":"default","ast-global-header-display":"","ast-banner-title-visibility":"","ast-main-header-display":"","ast-hfb-above-header-display":"","ast-hfb-below-header-display":"","ast-hfb-mobile-header-display":"","site-post-title":"","ast-breadcrumbs-content":"","ast-featured-img":"","footer-sml-layout":"","ast-disable-related-posts":"","theme-transparent-header-meta":"default","adv-header-id-meta":"","stick-header-meta":"","header-above-stick-meta":"","header-main-stick-meta":"","header-below-stick-meta":"","astra-migrate-meta-layouts":"set","ast-page-background-enabled":"default","ast-page-background-meta":{"desktop":{"background-color":"var(--ast-global-color-4)","background-image":"","background-repeat":"repeat","background-position":"center center","background-size":"auto","background-attachment":"scroll","background-type":"","background-media":"","overlay-type":"","overlay-color":"","overlay-opacity":"","overlay-gradient":""},"tablet":{"background-color":"","background-image":"","background-repeat":"repeat","background-position":"center center","background-size":"auto","background-attachment":"scroll","background-type":"","background-media":"","overlay-type":"","overlay-color":"","overlay-opacity":"","overlay-gradient":""},"mobile":{"background-color":"","background-image":"","background-repeat":"repeat","background-position":"center center","background-size":"auto","background-attachment":"scroll","background-type":"","background-media":"","overlay-type":"","overlay-color":"","overlay-opacity":"","overlay-gradient":""}},"ast-content-background-meta":{"desktop":{"background-color":"var(--ast-global-color-5)","background-image":"","background-repeat":"repeat","background-position":"center center","background-size":"auto","background-attachment":"scroll","background-type":"","background-media":"","overlay-type":"","overlay-color":"","overlay-opacity":"","overlay-gradient":""},"tablet":{"background-color":"var(--ast-global-color-5)","background-image":"","background-repeat":"repeat","background-position":"center center","background-size":"auto","background-attachment":"scroll","background-type":"","background-media":"","overlay-type":"","overlay-color":"","overlay-opacity":"","overlay-gradient":""},"mobile":{"background-color":"var(--ast-global-color-5)","background-image":"","background-repeat":"repeat","background-position":"center center","background-size":"auto","background-attachment":"scroll","background-type":"","background-media":"","overlay-type":"","overlay-color":"","overlay-opacity":"","overlay-gradient":""}}},"product_brand":[],"product_cat":[464],"product_tag":[],"class_list":{"0":"post-8027","1":"product","2":"type-product","3":"status-publish","4":"has-post-thumbnail","6":"product_cat-emballage-durable","7":"desktop-align-left","8":"tablet-align-left","9":"mobile-align-left","11":"first","12":"instock","13":"shipping-taxable","14":"product-type-simple"},"_links":{"self":[{"href":"https:\/\/www.willemspackaging.com\/fr\/wp-json\/wp\/v2\/product\/8027","targetHints":{"allow":["GET"]}}],"collection":[{"href":"https:\/\/www.willemspackaging.com\/fr\/wp-json\/wp\/v2\/product"}],"about":[{"href":"https:\/\/www.willemspackaging.com\/fr\/wp-json\/wp\/v2\/types\/product"}],"wp:featuredmedia":[{"embeddable":true,"href":"https:\/\/www.willemspackaging.com\/fr\/wp-json\/wp\/v2\/media\/8028"}],"wp:attachment":[{"href":"https:\/\/www.willemspackaging.com\/fr\/wp-json\/wp\/v2\/media?parent=8027"}],"wp:term":[{"taxonomy":"product_brand","embeddable":true,"href":"https:\/\/www.willemspackaging.com\/fr\/wp-json\/wp\/v2\/product_brand?post=8027"},{"taxonomy":"product_cat","embeddable":true,"href":"https:\/\/www.willemspackaging.com\/fr\/wp-json\/wp\/v2\/product_cat?post=8027"},{"taxonomy":"product_tag","embeddable":true,"href":"https:\/\/www.willemspackaging.com\/fr\/wp-json\/wp\/v2\/product_tag?post=8027"}],"curies":[{"name":"wp","href":"https:\/\/api.w.org\/{rel}","templated":true}]}}