{"id":8007,"date":"2023-05-02T10:24:15","date_gmt":"2023-05-02T08:24:15","guid":{"rendered":"https:\/\/www.willemspackaging.com\/products\/sac-a-journaux-pour-lhotel-le-bb-ou-la-maison-dhotes\/"},"modified":"2024-07-30T15:40:21","modified_gmt":"2024-07-30T13:40:21","slug":"sac-a-journaux-pour-lhotel-le-bb-ou-la-maison-dhotes","status":"publish","type":"product","link":"https:\/\/www.willemspackaging.com\/fr\/produits\/sac-a-journaux-pour-lhotel-le-bb-ou-la-maison-dhotes\/","title":{"rendered":"Sac \u00e0 journaux pour l&#8217;h\u00f4tel, le B&amp;B ou la maison d&#8217;h\u00f4tes"},"content":{"rendered":"<div class=\"flex-shrink-0 flex flex-col relative items-end\">\n<div class=\"pt-0.5 juice:pt-0\">\n<div class=\"gizmo-bot-avatar flex h-6 w-6 items-center justify-center overflow-hidden rounded-full juice:h-8 juice:w-8\">\n<h2 class=\"relative p-1 rounded-sm flex items-center justify-center bg-token-main-surface-primary text-token-text-primary h-6 w-6\">Sac \u00e0 journaux pour l&#8217;h\u00f4tel, le B&amp;B ou la maison d&#8217;h\u00f4tes<\/h2>\n<\/div>\n<\/div>\n<\/div>\n<h3>Sac \u00e0 journaux r\u00e9utilisable<\/h3>\n<p>Vous souhaitez offrir \u00e0 vos clients un sac \u00e0 journaux, par exemple pour transporter le dernier journal, des informations sur l&#8217;h\u00f4tel ou des brochures sur la r\u00e9gion ? Ce sac \u00e0 journaux r\u00e9utilisable de Willems Packaging est de bonne qualit\u00e9 et offre une protection ad\u00e9quate. Le sac est d\u00e9perlant et disponible en diff\u00e9rentes couleurs.<\/p>\n<p class=\"p2\">Contactez-nous pour plus d&#8217;informations sur\u00a0<strong>Sac \u00e0 journaux pour l&#8217;h\u00f4tel, le B&amp;B ou la maison d&#8217;h\u00f4tes<\/strong><\/p>\n<h3>Imprimer un sac \u00e0 journaux<\/h3>\n<p>Comme ce sac \u00e0 journaux pour votre h\u00f4tel, B&amp;B ou maison d&#8217;h\u00f4tes peut \u00e9galement \u00eatre imprim\u00e9, il s&#8217;agit d&#8217;une excellente publicit\u00e9. Gr\u00e2ce \u00e0 une impression ad\u00e9quate (que nous vous conseillons volontiers !), votre h\u00f4tel sera pr\u00e9sent\u00e9 de la meilleure fa\u00e7on possible.<\/p>\n<p><img fetchpriority=\"high\" decoding=\"async\" class=\"attachment-266x266 alignnone\" src=\"https:\/\/www.willemspackaging.com\/wp-content\/uploads\/2023\/05\/newspaper-bag-1.jpg\" alt=\"Sac \u00e0 journaux pour l&#039;h\u00f4tel\" width=\"266\" height=\"266\" title=\"\"><\/p>\n","protected":false},"excerpt":{"rendered":"<p>En tant que propri\u00e9taire ou employ\u00e9 d&#8217;un h\u00f4tel, vous voulez toujours faire un effort suppl\u00e9mentaire pour vos clients. Cela vaut pour les grandes choses, comme un service de haute qualit\u00e9 et un service parfait, mais aussi pour les petites choses. Fournir le journal quotidien et des d\u00e9pliants pratiques, par exemple. Ce sac \u00e0 journaux est un excellent outil pour cela. Le sac est tr\u00e8s pratique \u00e0 offrir aux clients de l&#8217;h\u00f4tel.<\/p>\n","protected":false},"featured_media":5646,"template":"","meta":{"site-sidebar-layout":"default","site-content-layout":"default","ast-site-content-layout":"default","site-content-style":"default","site-sidebar-style":"default","ast-global-header-display":"","ast-banner-title-visibility":"","ast-main-header-display":"","ast-hfb-above-header-display":"","ast-hfb-below-header-display":"","ast-hfb-mobile-header-display":"","site-post-title":"","ast-breadcrumbs-content":"","ast-featured-img":"","footer-sml-layout":"","ast-disable-related-posts":"","theme-transparent-header-meta":"default","adv-header-id-meta":"","stick-header-meta":"","header-above-stick-meta":"","header-main-stick-meta":"","header-below-stick-meta":"","astra-migrate-meta-layouts":"set","ast-page-background-enabled":"default","ast-page-background-meta":{"desktop":{"background-color":"var(--ast-global-color-4)","background-image":"","background-repeat":"repeat","background-position":"center center","background-size":"auto","background-attachment":"scroll","background-type":"","background-media":"","overlay-type":"","overlay-color":"","overlay-opacity":"","overlay-gradient":""},"tablet":{"background-color":"","background-image":"","background-repeat":"repeat","background-position":"center center","background-size":"auto","background-attachment":"scroll","background-type":"","background-media":"","overlay-type":"","overlay-color":"","overlay-opacity":"","overlay-gradient":""},"mobile":{"background-color":"","background-image":"","background-repeat":"repeat","background-position":"center center","background-size":"auto","background-attachment":"scroll","background-type":"","background-media":"","overlay-type":"","overlay-color":"","overlay-opacity":"","overlay-gradient":""}},"ast-content-background-meta":{"desktop":{"background-color":"var(--ast-global-color-5)","background-image":"","background-repeat":"repeat","background-position":"center center","background-size":"auto","background-attachment":"scroll","background-type":"","background-media":"","overlay-type":"","overlay-color":"","overlay-opacity":"","overlay-gradient":""},"tablet":{"background-color":"var(--ast-global-color-5)","background-image":"","background-repeat":"repeat","background-position":"center center","background-size":"auto","background-attachment":"scroll","background-type":"","background-media":"","overlay-type":"","overlay-color":"","overlay-opacity":"","overlay-gradient":""},"mobile":{"background-color":"var(--ast-global-color-5)","background-image":"","background-repeat":"repeat","background-position":"center center","background-size":"auto","background-attachment":"scroll","background-type":"","background-media":"","overlay-type":"","overlay-color":"","overlay-opacity":"","overlay-gradient":""}}},"product_brand":[],"product_cat":[459],"product_tag":[],"class_list":{"0":"post-8007","1":"product","2":"type-product","3":"status-publish","4":"has-post-thumbnail","6":"product_cat-produits-pour-lhotellerie","7":"desktop-align-left","8":"tablet-align-left","9":"mobile-align-left","11":"first","12":"instock","13":"shipping-taxable","14":"product-type-simple"},"_links":{"self":[{"href":"https:\/\/www.willemspackaging.com\/fr\/wp-json\/wp\/v2\/product\/8007","targetHints":{"allow":["GET"]}}],"collection":[{"href":"https:\/\/www.willemspackaging.com\/fr\/wp-json\/wp\/v2\/product"}],"about":[{"href":"https:\/\/www.willemspackaging.com\/fr\/wp-json\/wp\/v2\/types\/product"}],"wp:featuredmedia":[{"embeddable":true,"href":"https:\/\/www.willemspackaging.com\/fr\/wp-json\/wp\/v2\/media\/5646"}],"wp:attachment":[{"href":"https:\/\/www.willemspackaging.com\/fr\/wp-json\/wp\/v2\/media?parent=8007"}],"wp:term":[{"taxonomy":"product_brand","embeddable":true,"href":"https:\/\/www.willemspackaging.com\/fr\/wp-json\/wp\/v2\/product_brand?post=8007"},{"taxonomy":"product_cat","embeddable":true,"href":"https:\/\/www.willemspackaging.com\/fr\/wp-json\/wp\/v2\/product_cat?post=8007"},{"taxonomy":"product_tag","embeddable":true,"href":"https:\/\/www.willemspackaging.com\/fr\/wp-json\/wp\/v2\/product_tag?post=8007"}],"curies":[{"name":"wp","href":"https:\/\/api.w.org\/{rel}","templated":true}]}}