{"id":8002,"date":"2023-05-04T14:14:18","date_gmt":"2023-05-04T12:14:18","guid":{"rendered":"https:\/\/www.willemspackaging.com\/products\/housse-a-vetements-en-nylon\/"},"modified":"2024-10-29T09:44:28","modified_gmt":"2024-10-29T08:44:28","slug":"housse-a-vetements-en-nylon","status":"publish","type":"product","link":"https:\/\/www.willemspackaging.com\/fr\/produits\/housse-a-vetements-en-nylon\/","title":{"rendered":"Housse \u00e0 v\u00eatements en nylon"},"content":{"rendered":"<h2>Housse \u00e0 v\u00eatements en nylon<\/h2>\n<p>D\u00e9couvrez la protection ultime pour vos v\u00eatements avec la Housse de V\u00eatements en Nylon de Willems Packaging. Cette housse allie durabilit\u00e9 et r\u00e9utilisabilit\u00e9 pour une solution optimale de stockage et de transport s\u00e9curis\u00e9 de vos v\u00eatements.<\/p>\n<h3>Mat\u00e9riau Nylon Durable<\/h3>\n<p>Notre housse de v\u00eatements est fabriqu\u00e9e en nylon de haute qualit\u00e9, un mat\u00e9riau robuste r\u00e9put\u00e9 pour sa durabilit\u00e9. Le nylon offre une excellente protection contre la poussi\u00e8re, la salet\u00e9 et l&#8217;humidit\u00e9, maintenant vos v\u00eatements en parfait \u00e9tat m\u00eame lors de stockage prolong\u00e9.<\/p>\n<h3>Conception R\u00e9utilisable<\/h3>\n<p>Gr\u00e2ce \u00e0 la conception r\u00e9utilisable de la housse de v\u00eatements, vous pouvez l&#8217;utiliser \u00e0 maintes reprises, ce qui vous permet non seulement d&#8217;\u00e9conomiser de l&#8217;argent sur les articles jetables, mais \u00e9galement de contribuer \u00e0 la r\u00e9duction des d\u00e9chets. Un choix \u00e9cologique pour un mode de vie plus durable.<\/p>\n<h3>Utilisation Polyvalente<\/h3>\n<p>Que vous soyez en voyage, que vous rangiez soigneusement vos v\u00eatements dans le placard ou que vous les prot\u00e9giez lors d&#8217;un d\u00e9m\u00e9nagement, notre housse de v\u00eatements en nylon est le compagnon parfait. Avec son design polyvalent et sa construction durable, cette housse offre une protection optimale dans toutes les situations.<\/p>\n<p>Choisissez la Housse de V\u00eatements en Nylon de Willems Packaging et profitez d&#8217;une protection durable pour tous vos v\u00eatements. Avec son mat\u00e9riau nylon de haute qualit\u00e9 et sa conception r\u00e9utilisable, cette housse offre la solution id\u00e9ale pour un stockage et un transport sans souci de vos v\u00eatements pr\u00e9cieux.<\/p>\n<p>&nbsp;<\/p>\n<p><img fetchpriority=\"high\" decoding=\"async\" class=\"attachment-266x266 alignnone\" src=\"https:\/\/www.willemspackaging.com\/wp-content\/uploads\/2023\/05\/nylon-clothing-cover.jpg\" alt=\"Housse \u00e0 v\u00eatements en nylon\" width=\"266\" height=\"266\" title=\"\"><\/p>\n","protected":false},"excerpt":{"rendered":"<p><span style=\"font-weight: 400;\">Cette housse en nylon convient au transport de v\u00eatements Le sac est souvent r\u00e9utilisable, durable et facile \u00e0 ranger.<\/span><\/p>\n","protected":false},"featured_media":5731,"template":"","meta":{"site-sidebar-layout":"default","site-content-layout":"default","ast-site-content-layout":"default","site-content-style":"default","site-sidebar-style":"default","ast-global-header-display":"","ast-banner-title-visibility":"","ast-main-header-display":"","ast-hfb-above-header-display":"","ast-hfb-below-header-display":"","ast-hfb-mobile-header-display":"","site-post-title":"","ast-breadcrumbs-content":"","ast-featured-img":"","footer-sml-layout":"","ast-disable-related-posts":"","theme-transparent-header-meta":"default","adv-header-id-meta":"","stick-header-meta":"","header-above-stick-meta":"","header-main-stick-meta":"","header-below-stick-meta":"","astra-migrate-meta-layouts":"set","ast-page-background-enabled":"default","ast-page-background-meta":{"desktop":{"background-color":"var(--ast-global-color-4)","background-image":"","background-repeat":"repeat","background-position":"center center","background-size":"auto","background-attachment":"scroll","background-type":"","background-media":"","overlay-type":"","overlay-color":"","overlay-opacity":"","overlay-gradient":""},"tablet":{"background-color":"","background-image":"","background-repeat":"repeat","background-position":"center center","background-size":"auto","background-attachment":"scroll","background-type":"","background-media":"","overlay-type":"","overlay-color":"","overlay-opacity":"","overlay-gradient":""},"mobile":{"background-color":"","background-image":"","background-repeat":"repeat","background-position":"center center","background-size":"auto","background-attachment":"scroll","background-type":"","background-media":"","overlay-type":"","overlay-color":"","overlay-opacity":"","overlay-gradient":""}},"ast-content-background-meta":{"desktop":{"background-color":"var(--ast-global-color-5)","background-image":"","background-repeat":"repeat","background-position":"center center","background-size":"auto","background-attachment":"scroll","background-type":"","background-media":"","overlay-type":"","overlay-color":"","overlay-opacity":"","overlay-gradient":""},"tablet":{"background-color":"var(--ast-global-color-5)","background-image":"","background-repeat":"repeat","background-position":"center center","background-size":"auto","background-attachment":"scroll","background-type":"","background-media":"","overlay-type":"","overlay-color":"","overlay-opacity":"","overlay-gradient":""},"mobile":{"background-color":"var(--ast-global-color-5)","background-image":"","background-repeat":"repeat","background-position":"center center","background-size":"auto","background-attachment":"scroll","background-type":"","background-media":"","overlay-type":"","overlay-color":"","overlay-opacity":"","overlay-gradient":""}}},"product_brand":[],"product_cat":[456],"product_tag":[],"class_list":{"0":"post-8002","1":"product","2":"type-product","3":"status-publish","4":"has-post-thumbnail","6":"product_cat-housse-de-vetement","7":"desktop-align-left","8":"tablet-align-left","9":"mobile-align-left","11":"first","12":"instock","13":"shipping-taxable","14":"product-type-simple"},"_links":{"self":[{"href":"https:\/\/www.willemspackaging.com\/fr\/wp-json\/wp\/v2\/product\/8002","targetHints":{"allow":["GET"]}}],"collection":[{"href":"https:\/\/www.willemspackaging.com\/fr\/wp-json\/wp\/v2\/product"}],"about":[{"href":"https:\/\/www.willemspackaging.com\/fr\/wp-json\/wp\/v2\/types\/product"}],"wp:featuredmedia":[{"embeddable":true,"href":"https:\/\/www.willemspackaging.com\/fr\/wp-json\/wp\/v2\/media\/5731"}],"wp:attachment":[{"href":"https:\/\/www.willemspackaging.com\/fr\/wp-json\/wp\/v2\/media?parent=8002"}],"wp:term":[{"taxonomy":"product_brand","embeddable":true,"href":"https:\/\/www.willemspackaging.com\/fr\/wp-json\/wp\/v2\/product_brand?post=8002"},{"taxonomy":"product_cat","embeddable":true,"href":"https:\/\/www.willemspackaging.com\/fr\/wp-json\/wp\/v2\/product_cat?post=8002"},{"taxonomy":"product_tag","embeddable":true,"href":"https:\/\/www.willemspackaging.com\/fr\/wp-json\/wp\/v2\/product_tag?post=8002"}],"curies":[{"name":"wp","href":"https:\/\/api.w.org\/{rel}","templated":true}]}}