{"id":7999,"date":"2023-04-27T09:41:56","date_gmt":"2023-04-27T07:41:56","guid":{"rendered":"https:\/\/www.willemspackaging.com\/products\/sac-de-shopping\/"},"modified":"2024-08-15T11:04:04","modified_gmt":"2024-08-15T09:04:04","slug":"sac-de-shopping","status":"publish","type":"product","link":"https:\/\/www.willemspackaging.com\/fr\/produits\/sac-de-shopping\/","title":{"rendered":"Sac de shopping"},"content":{"rendered":"<h2>Sac de shopping<\/h2>\n<p>Ce<strong> sac de shopping<\/strong> robuste est de bonne qualit\u00e9 et offre toujours une protection ad\u00e9quate. Peu importe ce que vous ou votre client souhaitez y stocker ou transporter. Il s&#8217;agit d&#8217;un sac solide, tr\u00e8s adapt\u00e9 \u00e0 une utilisation r\u00e9p\u00e9t\u00e9e. Le sac est dot\u00e9 de poign\u00e9es pratiques pour faciliter le transport. De forme rectangulaire, il offre beaucoup d&#8217;espace. Le sac est disponible en diff\u00e9rentes couleurs et tailles.<\/p>\n<p class=\"p2\">Contactez-nous pour plus d&#8217;informations sur\u00a0<strong>Sac de shopping<\/strong><\/p>\n<h3>Imprimer un sac de shopping<\/h3>\n<p>Imprimer le <strong>sac de shopping<\/strong> ? Cela aussi ne pose aucun probl\u00e8me. Gr\u00e2ce \u00e0 une impression ad\u00e9quate, le sac peut \u00eatre utilis\u00e9 \u00e0 des fins promotionnelles. C&#8217;est la raison pour laquelle les sacs de shopping imprim\u00e9s sont bien accueillis lors de salons et d&#8217;\u00e9v\u00e9nements commerciaux, par exemple. Votre logo, votre slogan ou l&#8217;identit\u00e9 de votre entreprise &#8211; ou celle de votre client &#8211; est port\u00e9 \u00e0 la main ou \u00e0 l&#8217;\u00e9paule et fait ainsi office de panneau d&#8217;affichage mobile. Et bien s\u00fbr, un fourre-tout imprim\u00e9 constitue une bonne promotion pour votre marque ou celle de votre client, m\u00eame dans le cadre d&#8217;une utilisation quotidienne.<\/p>\n<h3>Sac de shopping en Oxford<\/h3>\n<p>Ce <strong>sac de shopping<\/strong> est fabriqu\u00e9 en Oxford, qui se caract\u00e9rise par un tissage grossier. Il s&#8217;agit d&#8217;un mat\u00e9riau durable et robuste qui permet au <strong>sac de shopping<\/strong> d&#8217;\u00eatre utilis\u00e9 \u00e0 plusieurs reprises.<\/p>\n<p><img fetchpriority=\"high\" decoding=\"async\" class=\"attachment-266x266 alignnone\" src=\"https:\/\/www.willemspackaging.com\/wp-content\/uploads\/2023\/04\/shopping-bag-nylon.jpg\" alt=\"Sac de shopping\" width=\"266\" height=\"266\" title=\"\"><\/p>\n<p>&nbsp;<\/p>\n","protected":false},"excerpt":{"rendered":"<p>Un sac de shopping est polyvalent. Ces sacs de shopping sont donc id\u00e9aux pour toutes les occasions : \u00e0 emporter pour faire ses courses ou se rendre au travail, mais aussi pour offrir des produits \u00e0 vos clients. Vous \u00eates \u00e0 la recherche d&#8217;un sac de shopping solide pour vous-m\u00eame ou pour un client ? Nous vous recommandons donc ce sac fourre-tout, qui peut bien s\u00fbr \u00eatre imprim\u00e9.<\/p>\n","protected":false},"featured_media":5610,"template":"","meta":{"site-sidebar-layout":"default","site-content-layout":"default","ast-site-content-layout":"default","site-content-style":"default","site-sidebar-style":"default","ast-global-header-display":"","ast-banner-title-visibility":"","ast-main-header-display":"","ast-hfb-above-header-display":"","ast-hfb-below-header-display":"","ast-hfb-mobile-header-display":"","site-post-title":"","ast-breadcrumbs-content":"","ast-featured-img":"","footer-sml-layout":"","ast-disable-related-posts":"","theme-transparent-header-meta":"default","adv-header-id-meta":"","stick-header-meta":"","header-above-stick-meta":"","header-main-stick-meta":"","header-below-stick-meta":"","astra-migrate-meta-layouts":"set","ast-page-background-enabled":"default","ast-page-background-meta":{"desktop":{"background-color":"var(--ast-global-color-4)","background-image":"","background-repeat":"repeat","background-position":"center center","background-size":"auto","background-attachment":"scroll","background-type":"","background-media":"","overlay-type":"","overlay-color":"","overlay-opacity":"","overlay-gradient":""},"tablet":{"background-color":"","background-image":"","background-repeat":"repeat","background-position":"center center","background-size":"auto","background-attachment":"scroll","background-type":"","background-media":"","overlay-type":"","overlay-color":"","overlay-opacity":"","overlay-gradient":""},"mobile":{"background-color":"","background-image":"","background-repeat":"repeat","background-position":"center center","background-size":"auto","background-attachment":"scroll","background-type":"","background-media":"","overlay-type":"","overlay-color":"","overlay-opacity":"","overlay-gradient":""}},"ast-content-background-meta":{"desktop":{"background-color":"var(--ast-global-color-5)","background-image":"","background-repeat":"repeat","background-position":"center center","background-size":"auto","background-attachment":"scroll","background-type":"","background-media":"","overlay-type":"","overlay-color":"","overlay-opacity":"","overlay-gradient":""},"tablet":{"background-color":"var(--ast-global-color-5)","background-image":"","background-repeat":"repeat","background-position":"center center","background-size":"auto","background-attachment":"scroll","background-type":"","background-media":"","overlay-type":"","overlay-color":"","overlay-opacity":"","overlay-gradient":""},"mobile":{"background-color":"var(--ast-global-color-5)","background-image":"","background-repeat":"repeat","background-position":"center center","background-size":"auto","background-attachment":"scroll","background-type":"","background-media":"","overlay-type":"","overlay-color":"","overlay-opacity":"","overlay-gradient":""}}},"product_brand":[],"product_cat":[462,461],"product_tag":[],"class_list":{"0":"post-7999","1":"product","2":"type-product","3":"status-publish","4":"has-post-thumbnail","6":"product_cat-sac-a-provisions","7":"product_cat-produits-de-vente-au-detail-et-de-commerce-electronique","8":"desktop-align-left","9":"tablet-align-left","10":"mobile-align-left","12":"first","13":"instock","14":"shipping-taxable","15":"product-type-simple"},"_links":{"self":[{"href":"https:\/\/www.willemspackaging.com\/fr\/wp-json\/wp\/v2\/product\/7999","targetHints":{"allow":["GET"]}}],"collection":[{"href":"https:\/\/www.willemspackaging.com\/fr\/wp-json\/wp\/v2\/product"}],"about":[{"href":"https:\/\/www.willemspackaging.com\/fr\/wp-json\/wp\/v2\/types\/product"}],"wp:featuredmedia":[{"embeddable":true,"href":"https:\/\/www.willemspackaging.com\/fr\/wp-json\/wp\/v2\/media\/5610"}],"wp:attachment":[{"href":"https:\/\/www.willemspackaging.com\/fr\/wp-json\/wp\/v2\/media?parent=7999"}],"wp:term":[{"taxonomy":"product_brand","embeddable":true,"href":"https:\/\/www.willemspackaging.com\/fr\/wp-json\/wp\/v2\/product_brand?post=7999"},{"taxonomy":"product_cat","embeddable":true,"href":"https:\/\/www.willemspackaging.com\/fr\/wp-json\/wp\/v2\/product_cat?post=7999"},{"taxonomy":"product_tag","embeddable":true,"href":"https:\/\/www.willemspackaging.com\/fr\/wp-json\/wp\/v2\/product_tag?post=7999"}],"curies":[{"name":"wp","href":"https:\/\/api.w.org\/{rel}","templated":true}]}}