{"id":7988,"date":"2023-05-02T10:52:01","date_gmt":"2023-05-02T08:52:01","guid":{"rendered":"https:\/\/www.willemspackaging.com\/products\/housse-de-couette-pour-enfants-cylindrique-violet\/"},"modified":"2024-10-29T09:43:30","modified_gmt":"2024-10-29T08:43:30","slug":"housse-de-couette-pour-enfants-cylindrique-violet","status":"publish","type":"product","link":"https:\/\/www.willemspackaging.com\/fr\/produits\/housse-de-couette-pour-enfants-cylindrique-violet\/","title":{"rendered":"Housse de couette pour enfants cylindrique, violet"},"content":{"rendered":"<h2>Housse de couette pour enfants cylindrique, violet<\/h2>\n<p>La housse de rangement cylindrique est dot\u00e9e d&#8217;une fermeture \u00e0 glissi\u00e8re et d&#8217;une solide poign\u00e9e de transport. Il s&#8217;agit donc d&#8217;un choix pratique pour toute couette d&#8217;enfant enroul\u00e9e. Conseil : un matelas de voyage pour enfants tient \u00e9galement parfaitement dans cette housse de rangement ! Et ce n&#8217;est pas seulement l&#8217;aspect pratique qui rend cette housse unique. Nous vous garantissons que la forme du cylindre se distinguera dans le magasin. En termes de taille, de design et de couleur, le sac peut \u00e9galement \u00eatre enti\u00e8rement personnalis\u00e9. L&#8217;impression est \u00e9galement possible Le choix est enti\u00e8rement le votre ou celui de votre client.<\/p>\n<p>Contactez-nous pour plus d&#8217;informations sur\u00a0<strong>Housse de couette pour enfants cylindrique, violet<\/strong><\/p>\n<h3>PE-LD recyclable<\/h3>\n<p>La plupart de ces housses sont fabriqu\u00e9es en PE-LD transparent PE-LD correspond \u00e0 Low Density Polyethene- en fran\u00e7ais : Poly\u00e9thyl\u00e8ne basse densit\u00e9. Ce mat\u00e9riau poss\u00e8de plusieurs propri\u00e9t\u00e9s int\u00e9ressantes. Il est hydrofuges, bien isolant et robuste. Un autre avantage majeur des sacs en PE-LD est qu&#8217;ils sont recyclables \u00e0 cent pourcent. En effet, le PE-LD est un plastique sans phtalates et donc plus respectueux de l&#8217;environnement.<\/p>\n<p>Contactez-nous pour plus d&#8217;informations sur\u00a0<strong>Housse de couette pour enfants cylindrique, violet<\/strong><\/p>\n<h3>Non-tiss\u00e9 PP respirant<\/h3>\n<p>La housse comprend \u00e9galement un non-tiss\u00e9 en PP de couleur pourpre, qui est fabriqu\u00e9 \u00e0 partir de PP (polypropyl\u00e8ne). Ce mat\u00e9riau est id\u00e9al pour fabriquer des emballages solides et robustes. De plus, le non-tiss\u00e9 a un aspect (encore plus) luxueux. Les propri\u00e9t\u00e9s du non-tiss\u00e9 sont notamment l&#8217;imperm\u00e9abilit\u00e9 \u00e0 l&#8217;eau et la respirabilit\u00e9. Cela permet \u00e0 la couette ou au matelas de voyage de s&#8217;a\u00e9rer, \u00e9vitant ainsi l&#8217;asphyxie et la formation de moisissures.<\/p>\n<p>Contactez-nous pour plus d&#8217;informations sur\u00a0<strong>Housse de couette pour enfants cylindrique, violet<\/strong><\/p>\n<h3><\/h3>\n<h3>Votre housse de rangement personnalis\u00e9e<\/h3>\n<p>En tant que fabricant, fournisseur, importateur et grossiste, Willems Packaging propose une large gamme de sacs et d&#8217;emballages pour couettes, oreillers et autres articles de literie. Vous \u00eates int\u00e9ress\u00e9 par cette housse de rangement pour les couettes ou les matelas de voyage de vos enfants, mais vous vous demandez dans quelle mesure nous pouvons la personnaliser pour vous ? N&#8217;h\u00e9sitez pas \u00e0 nous contacter et \u00e0 nous faire part de vos besoins en mati\u00e8re de housse.<\/p>\n<p>Contactez-nous pour plus d&#8217;informations sur\u00a0<strong>Housse de couette pour enfants cylindrique, violet<\/strong><\/p>\n<h3><\/h3>\n<p><img fetchpriority=\"high\" decoding=\"async\" class=\"attachment-266x266 alignnone\" src=\"https:\/\/www.willemspackaging.com\/wp-content\/uploads\/2023\/05\/round-purple-duvet-cover-1.jpg\" alt=\"Housse de couette pour enfants cylindrique, violet\" width=\"266\" height=\"266\" title=\"\"><\/p>\n","protected":false},"excerpt":{"rendered":"<p>Vous souhaitez emballer une couette pour enfants d&#8217;une mani\u00e8re diff\u00e9rente de la mani\u00e8re habituelle ? Optez alors pour cette variante cylindrique : une housse tr\u00e8s pratique pour toute couette d&#8217;enfant. Cette housse cylindrique est fabriqu\u00e9e en PE-LD transparent combin\u00e9 \u00e0 un PP non tiss\u00e9.<\/p>\n","protected":false},"featured_media":5674,"template":"","meta":{"site-sidebar-layout":"default","site-content-layout":"default","ast-site-content-layout":"default","site-content-style":"default","site-sidebar-style":"default","ast-global-header-display":"","ast-banner-title-visibility":"","ast-main-header-display":"","ast-hfb-above-header-display":"","ast-hfb-below-header-display":"","ast-hfb-mobile-header-display":"","site-post-title":"","ast-breadcrumbs-content":"","ast-featured-img":"","footer-sml-layout":"","ast-disable-related-posts":"","theme-transparent-header-meta":"default","adv-header-id-meta":"","stick-header-meta":"","header-above-stick-meta":"","header-main-stick-meta":"","header-below-stick-meta":"","astra-migrate-meta-layouts":"set","ast-page-background-enabled":"default","ast-page-background-meta":{"desktop":{"background-color":"var(--ast-global-color-4)","background-image":"","background-repeat":"repeat","background-position":"center center","background-size":"auto","background-attachment":"scroll","background-type":"","background-media":"","overlay-type":"","overlay-color":"","overlay-opacity":"","overlay-gradient":""},"tablet":{"background-color":"","background-image":"","background-repeat":"repeat","background-position":"center center","background-size":"auto","background-attachment":"scroll","background-type":"","background-media":"","overlay-type":"","overlay-color":"","overlay-opacity":"","overlay-gradient":""},"mobile":{"background-color":"","background-image":"","background-repeat":"repeat","background-position":"center center","background-size":"auto","background-attachment":"scroll","background-type":"","background-media":"","overlay-type":"","overlay-color":"","overlay-opacity":"","overlay-gradient":""}},"ast-content-background-meta":{"desktop":{"background-color":"var(--ast-global-color-5)","background-image":"","background-repeat":"repeat","background-position":"center center","background-size":"auto","background-attachment":"scroll","background-type":"","background-media":"","overlay-type":"","overlay-color":"","overlay-opacity":"","overlay-gradient":""},"tablet":{"background-color":"var(--ast-global-color-5)","background-image":"","background-repeat":"repeat","background-position":"center center","background-size":"auto","background-attachment":"scroll","background-type":"","background-media":"","overlay-type":"","overlay-color":"","overlay-opacity":"","overlay-gradient":""},"mobile":{"background-color":"var(--ast-global-color-5)","background-image":"","background-repeat":"repeat","background-position":"center center","background-size":"auto","background-attachment":"scroll","background-type":"","background-media":"","overlay-type":"","overlay-color":"","overlay-opacity":"","overlay-gradient":""}}},"product_brand":[],"product_cat":[451],"product_tag":[],"class_list":{"0":"post-7988","1":"product","2":"type-product","3":"status-publish","4":"has-post-thumbnail","6":"product_cat-produits-pour-bebe-et-enfant","7":"desktop-align-left","8":"tablet-align-left","9":"mobile-align-left","11":"first","12":"instock","13":"shipping-taxable","14":"product-type-simple"},"_links":{"self":[{"href":"https:\/\/www.willemspackaging.com\/fr\/wp-json\/wp\/v2\/product\/7988","targetHints":{"allow":["GET"]}}],"collection":[{"href":"https:\/\/www.willemspackaging.com\/fr\/wp-json\/wp\/v2\/product"}],"about":[{"href":"https:\/\/www.willemspackaging.com\/fr\/wp-json\/wp\/v2\/types\/product"}],"wp:featuredmedia":[{"embeddable":true,"href":"https:\/\/www.willemspackaging.com\/fr\/wp-json\/wp\/v2\/media\/5674"}],"wp:attachment":[{"href":"https:\/\/www.willemspackaging.com\/fr\/wp-json\/wp\/v2\/media?parent=7988"}],"wp:term":[{"taxonomy":"product_brand","embeddable":true,"href":"https:\/\/www.willemspackaging.com\/fr\/wp-json\/wp\/v2\/product_brand?post=7988"},{"taxonomy":"product_cat","embeddable":true,"href":"https:\/\/www.willemspackaging.com\/fr\/wp-json\/wp\/v2\/product_cat?post=7988"},{"taxonomy":"product_tag","embeddable":true,"href":"https:\/\/www.willemspackaging.com\/fr\/wp-json\/wp\/v2\/product_tag?post=7988"}],"curies":[{"name":"wp","href":"https:\/\/api.w.org\/{rel}","templated":true}]}}