{"id":40612,"date":"2023-05-02T10:37:10","date_gmt":"2023-05-02T08:37:10","guid":{"rendered":"https:\/\/www.willemspackaging.com\/products\/sac-a-poignees-clip-close-pour-oreiller-denfant\/"},"modified":"2024-07-30T12:46:34","modified_gmt":"2024-07-30T10:46:34","slug":"sac-a-poignees-clip-close-pour-oreiller-denfant","status":"publish","type":"product","link":"https:\/\/www.willemspackaging.com\/fr\/produits\/sac-a-poignees-clip-close-pour-oreiller-denfant\/","title":{"rendered":"Sac \u00e0 poign\u00e9es clip-close pour oreiller d&#8217;enfant"},"content":{"rendered":"<h2>Sac \u00e0 poign\u00e9es clip-close pour oreiller d&#8217;enfant<\/h2>\n<p>D\u00e9couvrez la combinaison parfaite de fonctionnalit\u00e9 et de durabilit\u00e9 avec notre Sac de Rangement avec Poign\u00e9e et Fermeture \u00e0 Clip, sp\u00e9cialement con\u00e7u pour les oreillers enfants. Ce sac innovant offre une solution pratique et \u00e9cologique pour ranger et transporter les oreillers enfants.<\/p>\n<p class=\"p2\">Contactez-nous pour plus d&#8217;informations sur\u00a0<strong>Sac \u00e0 poign\u00e9es clip-close pour oreiller d&#8217;enfant<\/strong><\/p>\n<h3>LDPE Recycl\u00e9<\/h3>\n<p>Notre sac de rangement est fabriqu\u00e9 en LDPE recycl\u00e9 (Poly\u00e9thyl\u00e8ne basse densit\u00e9), ce qui signifie que nous contribuons activement \u00e0 la r\u00e9duction des d\u00e9chets et \u00e0 la promotion du recyclage. Ce mat\u00e9riau durable est solide et flexible, id\u00e9al pour une utilisation quotidienne et une protection \u00e0 long terme des oreillers enfants.<\/p>\n<p>Contactez-nous pour plus d&#8217;informations sur\u00a0<strong>Sac \u00e0 poign\u00e9es clip-close pour oreiller d&#8217;enfant<\/strong><\/p>\n<h3>Fabriqu\u00e9 aux Pays-Bas et en Europe<\/h3>\n<p>Fabriqu\u00e9 avec fiert\u00e9 aux Pays-Bas et en Europe, ce sac de rangement garantit les normes de qualit\u00e9 les plus \u00e9lev\u00e9es. En soutenant la production locale, nous contribuons non seulement \u00e0 l&#8217;\u00e9conomie locale, mais nous r\u00e9duisons \u00e9galement les distances de transport, ce qui r\u00e9duit l&#8217;empreinte carbone.<\/p>\n<h3>Faible Empreinte Carbone<\/h3>\n<p>La durabilit\u00e9 est une valeur fondamentale pour nous. La production de ce sac de rangement est optimis\u00e9e pour avoir une faible empreinte carbone. Vous pouvez donc choisir en toute confiance un produit qui minimise l&#8217;impact sur l&#8217;environnement.<\/p>\n<p>Contactez-nous pour plus d&#8217;informations sur\u00a0<strong>Sac \u00e0 poign\u00e9es clip-close pour oreiller d&#8217;enfant<\/strong><\/p>\n<h3>Monomat\u00e9riau<\/h3>\n<p>Le sac de rangement est fabriqu\u00e9 \u00e0 partir d&#8217;un seul mat\u00e9riau (monomat\u00e9riau), ce qui simplifie consid\u00e9rablement le processus de recyclage. Cela en fait non seulement un choix respectueux de l&#8217;environnement, mais aussi un choix intelligent pour l&#8217;avenir.<\/p>\n<h3>Personnalisable<\/h3>\n<p>Personnalisez votre sac de rangement avec votre propre logo ou design. Nos sacs de rangement sont enti\u00e8rement personnalisables, ce qui les rend parfaits pour les cr\u00e8ches, les \u00e9coles ou comme cadeau unique. Laissez libre cours \u00e0 votre cr\u00e9ativit\u00e9 et faites une d\u00e9claration avec votre propre design.<\/p>\n<h3>Design Pratique<\/h3>\n<p>Dot\u00e9 d&#8217;une poign\u00e9e solide et d&#8217;une fermeture \u00e0 clip pratique, ce sac de rangement est facile \u00e0 transporter et offre une protection maximale pour les oreillers enfants. Que ce soit pour un usage domestique, en vacances ou pour une nuit chez un ami, ce sac est la solution id\u00e9ale.<\/p>\n<p>Optez pour la durabilit\u00e9, la qualit\u00e9 et le style avec le Sac de Rangement avec Poign\u00e9e et Fermeture \u00e0 Clip pour Oreiller Enfant, disponible chez Willems Packaging.<\/p>\n<p>Contactez-nous pour plus d&#8217;informations sur\u00a0<strong>Sac \u00e0 poign\u00e9es clip-close pour oreiller d&#8217;enfant<\/strong><\/p>\n<p>&nbsp;<\/p>\n<p><img fetchpriority=\"high\" decoding=\"async\" class=\"attachment-266x266 alignnone\" src=\"https:\/\/www.willemspackaging.com\/wp-content\/uploads\/2023\/05\/clip-close-handle-bag-childrens-pillow.jpg\" alt=\"Sac \u00e0 poign\u00e9es clip-close pour oreiller d&#039;enfant\" width=\"266\" height=\"266\" title=\"\"><\/p>\n","protected":false},"excerpt":{"rendered":"<p><span style=\"font-weight: 400;\">Le sac \u00e0 coussin avec poign\u00e9e et fermeture \u00e0 clip est parfait pour emballer les oreillers des enfants. Le sac est fabriqu\u00e9 uniquement \u00e0 partir de PEBD recycl\u00e9, ce qui le rend facile \u00e0 recycler. Ce sac est \u00e9galement imprimable.<\/span><\/p>\n<p>&nbsp;<\/p>\n<p><span style=\"font-weight: 400;\">Ce sac d&#8217;oreiller \u00e9tant produit dans l&#8217;UE, il peut \u00eatre fabriqu\u00e9 avec une faible empreinte carbone, conform\u00e9ment \u00e0 vos objectifs en mati\u00e8re de d\u00e9veloppement durable.<\/span><\/p>\n","protected":false},"featured_media":5707,"template":"","meta":{"site-sidebar-layout":"default","site-content-layout":"default","ast-site-content-layout":"default","site-content-style":"default","site-sidebar-style":"default","ast-global-header-display":"","ast-banner-title-visibility":"","ast-main-header-display":"","ast-hfb-above-header-display":"","ast-hfb-below-header-display":"","ast-hfb-mobile-header-display":"","site-post-title":"","ast-breadcrumbs-content":"","ast-featured-img":"","footer-sml-layout":"","ast-disable-related-posts":"","theme-transparent-header-meta":"default","adv-header-id-meta":"","stick-header-meta":"","header-above-stick-meta":"","header-main-stick-meta":"","header-below-stick-meta":"","astra-migrate-meta-layouts":"set","ast-page-background-enabled":"default","ast-page-background-meta":{"desktop":{"background-color":"var(--ast-global-color-4)","background-image":"","background-repeat":"repeat","background-position":"center center","background-size":"auto","background-attachment":"scroll","background-type":"","background-media":"","overlay-type":"","overlay-color":"","overlay-opacity":"","overlay-gradient":""},"tablet":{"background-color":"","background-image":"","background-repeat":"repeat","background-position":"center center","background-size":"auto","background-attachment":"scroll","background-type":"","background-media":"","overlay-type":"","overlay-color":"","overlay-opacity":"","overlay-gradient":""},"mobile":{"background-color":"","background-image":"","background-repeat":"repeat","background-position":"center center","background-size":"auto","background-attachment":"scroll","background-type":"","background-media":"","overlay-type":"","overlay-color":"","overlay-opacity":"","overlay-gradient":""}},"ast-content-background-meta":{"desktop":{"background-color":"var(--ast-global-color-5)","background-image":"","background-repeat":"repeat","background-position":"center center","background-size":"auto","background-attachment":"scroll","background-type":"","background-media":"","overlay-type":"","overlay-color":"","overlay-opacity":"","overlay-gradient":""},"tablet":{"background-color":"var(--ast-global-color-5)","background-image":"","background-repeat":"repeat","background-position":"center center","background-size":"auto","background-attachment":"scroll","background-type":"","background-media":"","overlay-type":"","overlay-color":"","overlay-opacity":"","overlay-gradient":""},"mobile":{"background-color":"var(--ast-global-color-5)","background-image":"","background-repeat":"repeat","background-position":"center center","background-size":"auto","background-attachment":"scroll","background-type":"","background-media":"","overlay-type":"","overlay-color":"","overlay-opacity":"","overlay-gradient":""}}},"product_brand":[],"product_cat":[451,162,452],"product_tag":[],"class_list":{"0":"post-40612","1":"product","2":"type-product","3":"status-publish","4":"has-post-thumbnail","6":"product_cat-produits-pour-bebe-et-enfant","7":"product_cat-emballage-doreillers","8":"product_cat-emballage-de-couverture","9":"desktop-align-left","10":"tablet-align-left","11":"mobile-align-left","13":"first","14":"instock","15":"shipping-taxable","16":"product-type-simple"},"_links":{"self":[{"href":"https:\/\/www.willemspackaging.com\/fr\/wp-json\/wp\/v2\/product\/40612","targetHints":{"allow":["GET"]}}],"collection":[{"href":"https:\/\/www.willemspackaging.com\/fr\/wp-json\/wp\/v2\/product"}],"about":[{"href":"https:\/\/www.willemspackaging.com\/fr\/wp-json\/wp\/v2\/types\/product"}],"wp:featuredmedia":[{"embeddable":true,"href":"https:\/\/www.willemspackaging.com\/fr\/wp-json\/wp\/v2\/media\/5707"}],"wp:attachment":[{"href":"https:\/\/www.willemspackaging.com\/fr\/wp-json\/wp\/v2\/media?parent=40612"}],"wp:term":[{"taxonomy":"product_brand","embeddable":true,"href":"https:\/\/www.willemspackaging.com\/fr\/wp-json\/wp\/v2\/product_brand?post=40612"},{"taxonomy":"product_cat","embeddable":true,"href":"https:\/\/www.willemspackaging.com\/fr\/wp-json\/wp\/v2\/product_cat?post=40612"},{"taxonomy":"product_tag","embeddable":true,"href":"https:\/\/www.willemspackaging.com\/fr\/wp-json\/wp\/v2\/product_tag?post=40612"}],"curies":[{"name":"wp","href":"https:\/\/api.w.org\/{rel}","templated":true}]}}