{"id":40578,"date":"2023-05-16T10:11:59","date_gmt":"2023-05-16T08:11:59","guid":{"rendered":"https:\/\/www.willemspackaging.com\/products\/sac-de-transport-en-plastique-avec-poignee-refermable\/"},"modified":"2024-08-15T11:10:13","modified_gmt":"2024-08-15T09:10:13","slug":"sac-de-transport-en-plastique-avec-poignee-refermable","status":"publish","type":"product","link":"https:\/\/www.willemspackaging.com\/fr\/produits\/sac-de-transport-en-plastique-avec-poignee-refermable\/","title":{"rendered":"Sac de transport en plastique avec poign\u00e9e refermable"},"content":{"rendered":"<h2>Sac de transport en plastique avec poign\u00e9e refermable<\/h2>\n<p>D\u00e9couvrez la combinaison ultime de fonctionnalit\u00e9 et de commodit\u00e9 avec notre<strong> sac de transport en plastique avec poign\u00e9e refermable<\/strong>, offert par Willems Packaging. Cette sacoche est con\u00e7ue pour r\u00e9pondre \u00e0 tous vos besoins, avec des d\u00e9lais de livraison flexibles et rapides pour une exp\u00e9rience d&#8217;achat sans effort.<\/p>\n<p class=\"p1\">Contactez-nous pour plus d&#8217;informations sur\u00a0<strong>Sac de transport en plastique avec poign\u00e9e refermable<\/strong><\/p>\n<h4>Durable et abordable<\/h4>\n<p>Notre sac de transport est fabriqu\u00e9 \u00e0 partir de LDPE (poly\u00e9thyl\u00e8ne basse densit\u00e9) 100% recyclable, ce qui en fait un choix respectueux de l&#8217;environnement pour votre magasin. De plus, nous proposons ce sac \u00e0 un prix abordable, vous permettant de profiter d&#8217;une qualit\u00e9 sup\u00e9rieure sans d\u00e9passer votre budget.<\/p>\n<h4>Conception pratique avec poign\u00e9e refermable<\/h4>\n<p>Gr\u00e2ce \u00e0 la poign\u00e9e refermable, vous pouvez ranger vos achats en toute s\u00e9curit\u00e9 et les emporter facilement sans craindre de renverser. Cela rend notre sac id\u00e9al pour emballer des aliments, des v\u00eatements, des produits cosm\u00e9tiques et plus encore, offrant une tranquillit\u00e9 d&#8217;esprit suppl\u00e9mentaire \u00e0 vos clients.<\/p>\n<p>Contactez-nous pour plus d&#8217;informations sur\u00a0<strong>Sac de transport en plastique avec poign\u00e9e refermable<\/strong><\/p>\n<h4>Impression sur LDPE<\/h4>\n<p>Nous offrons des options d&#8217;impression limit\u00e9es sur nos sacs de transport LDPE, vous permettant de promouvoir votre marque de mani\u00e8re subtile et professionnelle. Ajoutez votre logo d&#8217;entreprise, votre slogan ou des offres sp\u00e9ciales pour attirer l&#8217;attention sur votre marque et attirer des clients.<\/p>\n<h4>Poign\u00e9es confortables<\/h4>\n<p>Ce sac est \u00e9quip\u00e9 de poign\u00e9es pratiques pour un confort de transport suppl\u00e9mentaire, ce qui le rend facile \u00e0 transporter m\u00eame sur de longues distances. La construction robuste des poign\u00e9es garantit qu&#8217;elles sont confortables \u00e0 tenir et ne se d\u00e9chirent pas facilement.<\/p>\n<p>Optez pour le <strong>sac de transport en plastique avec poign\u00e9e refermable<\/strong> de Willems Packaging pour une solution polyvalente, durable et pratique \u00e0 tous vos besoins d&#8217;emballage.<\/p>\n<p>Contactez-nous pour plus d&#8217;informations sur\u00a0<strong>Sac de transport en plastique avec poign\u00e9e refermable<\/strong><\/p>\n<p>&nbsp;<\/p>\n<p><img fetchpriority=\"high\" decoding=\"async\" class=\"attachment-266x266 alignnone\" src=\"https:\/\/www.willemspackaging.com\/wp-content\/uploads\/2023\/05\/recyclable-plastic-carrying-case.jpg\" alt=\"Sac de transport en plastique avec poign\u00e9e refermable\" width=\"266\" height=\"266\" title=\"\"><\/p>\n","protected":false},"excerpt":{"rendered":"<p>Ce sac en plastique avec poign\u00e9e refermable est imprim\u00e9 en LDPE blanc avec un logo en deux couleurs. Les sacs \u00e0 poign\u00e9e refermable peuvent \u00eatre produits dans toutes les dimensions souhait\u00e9es. Les sacs sont disponibles en mat\u00e9riau transparent, mais peuvent \u00e9galement \u00eatre livr\u00e9s en blanc ou dans d&#8217;autres couleurs. Les poign\u00e9es clipclose sont disponibles dans de nombreuses tailles, mod\u00e8les et couleurs. La production des sacs \u00e0 poign\u00e9e clipclose a lieu \u00e0 Rijssen, ce qui nous permet d&#8217;offrir des d\u00e9lais de livraison flexibles et rapides.<\/p>\n","protected":false},"featured_media":6028,"template":"","meta":{"site-sidebar-layout":"default","site-content-layout":"default","ast-site-content-layout":"default","site-content-style":"default","site-sidebar-style":"default","ast-global-header-display":"","ast-banner-title-visibility":"","ast-main-header-display":"","ast-hfb-above-header-display":"","ast-hfb-below-header-display":"","ast-hfb-mobile-header-display":"","site-post-title":"","ast-breadcrumbs-content":"","ast-featured-img":"","footer-sml-layout":"","ast-disable-related-posts":"","theme-transparent-header-meta":"default","adv-header-id-meta":"","stick-header-meta":"","header-above-stick-meta":"","header-main-stick-meta":"","header-below-stick-meta":"","astra-migrate-meta-layouts":"set","ast-page-background-enabled":"default","ast-page-background-meta":{"desktop":{"background-color":"var(--ast-global-color-4)","background-image":"","background-repeat":"repeat","background-position":"center center","background-size":"auto","background-attachment":"scroll","background-type":"","background-media":"","overlay-type":"","overlay-color":"","overlay-opacity":"","overlay-gradient":""},"tablet":{"background-color":"","background-image":"","background-repeat":"repeat","background-position":"center center","background-size":"auto","background-attachment":"scroll","background-type":"","background-media":"","overlay-type":"","overlay-color":"","overlay-opacity":"","overlay-gradient":""},"mobile":{"background-color":"","background-image":"","background-repeat":"repeat","background-position":"center center","background-size":"auto","background-attachment":"scroll","background-type":"","background-media":"","overlay-type":"","overlay-color":"","overlay-opacity":"","overlay-gradient":""}},"ast-content-background-meta":{"desktop":{"background-color":"var(--ast-global-color-5)","background-image":"","background-repeat":"repeat","background-position":"center center","background-size":"auto","background-attachment":"scroll","background-type":"","background-media":"","overlay-type":"","overlay-color":"","overlay-opacity":"","overlay-gradient":""},"tablet":{"background-color":"var(--ast-global-color-5)","background-image":"","background-repeat":"repeat","background-position":"center center","background-size":"auto","background-attachment":"scroll","background-type":"","background-media":"","overlay-type":"","overlay-color":"","overlay-opacity":"","overlay-gradient":""},"mobile":{"background-color":"var(--ast-global-color-5)","background-image":"","background-repeat":"repeat","background-position":"center center","background-size":"auto","background-attachment":"scroll","background-type":"","background-media":"","overlay-type":"","overlay-color":"","overlay-opacity":"","overlay-gradient":""}}},"product_brand":[],"product_cat":[155],"product_tag":[],"class_list":{"0":"post-40578","1":"product","2":"type-product","3":"status-publish","4":"has-post-thumbnail","6":"product_cat-emballage-de-couettes","7":"desktop-align-left","8":"tablet-align-left","9":"mobile-align-left","11":"first","12":"instock","13":"shipping-taxable","14":"product-type-simple"},"_links":{"self":[{"href":"https:\/\/www.willemspackaging.com\/fr\/wp-json\/wp\/v2\/product\/40578","targetHints":{"allow":["GET"]}}],"collection":[{"href":"https:\/\/www.willemspackaging.com\/fr\/wp-json\/wp\/v2\/product"}],"about":[{"href":"https:\/\/www.willemspackaging.com\/fr\/wp-json\/wp\/v2\/types\/product"}],"wp:featuredmedia":[{"embeddable":true,"href":"https:\/\/www.willemspackaging.com\/fr\/wp-json\/wp\/v2\/media\/6028"}],"wp:attachment":[{"href":"https:\/\/www.willemspackaging.com\/fr\/wp-json\/wp\/v2\/media?parent=40578"}],"wp:term":[{"taxonomy":"product_brand","embeddable":true,"href":"https:\/\/www.willemspackaging.com\/fr\/wp-json\/wp\/v2\/product_brand?post=40578"},{"taxonomy":"product_cat","embeddable":true,"href":"https:\/\/www.willemspackaging.com\/fr\/wp-json\/wp\/v2\/product_cat?post=40578"},{"taxonomy":"product_tag","embeddable":true,"href":"https:\/\/www.willemspackaging.com\/fr\/wp-json\/wp\/v2\/product_tag?post=40578"}],"curies":[{"name":"wp","href":"https:\/\/api.w.org\/{rel}","templated":true}]}}