{"id":7234,"date":"2023-06-14T10:48:26","date_gmt":"2023-06-14T08:48:26","guid":{"rendered":"https:\/\/www.willemspackaging.com\/products\/gots-baumwoll-tragetasche\/"},"modified":"2024-08-15T09:51:43","modified_gmt":"2024-08-15T07:51:43","slug":"gots-baumwoll-tragetasche","status":"publish","type":"product","link":"https:\/\/www.willemspackaging.com\/de\/produkte\/gots-baumwoll-tragetasche\/","title":{"rendered":"GOTS Baumwoll-Tragetasche"},"content":{"rendered":"<h2>GOTS Baumwoll-Tragetasche<\/h2>\n<p>Baumwolle ist eine nat\u00fcrliche Faser, die viele Vorteile f\u00fcr Verpackungen bietet. Sie ist weich, langlebig, leicht und biologisch abbaubar. Diese Baumwoll-Tragetasche sch\u00fctzt Ihre Produkte vor Staub und Feuchtigkeit, w\u00e4hrend sie auch atmet. Baumwolle ist auch leicht zu waschen und wiederzuverwenden, was dies zu einer umweltfreundlichen, kosteng\u00fcnstigen Verpackungsl\u00f6sung macht.<\/p>\n<h3>Was bedeutet GOTS f\u00fcr diese Verpackung?<\/h3>\n<p>GOTS steht f\u00fcr Global Organic Textile Standard. Eine weltweit f\u00fchrende Zertifizierung f\u00fcr biologische Textilien. Sie bietet Ihnen Nachhaltigkeitsgarantien von <em>Field to Fashion<\/em> in der textilen Lieferkette, von der Anbau bis zu den Produktionsprozessen und dem Handel.<\/p>\n<p>Mit Ihrer Wahl f\u00fcr eine <strong>GOTS Baumwoll-Tragetasche<\/strong> unterst\u00fctzen Sie eine nachhaltige, ethische Textilindustrie.<\/p>\n<h3>GOTS Baumwoll-Tragetasche individuell gestalten<\/h3>\n<p>M\u00f6chten Sie Ihrer <strong>GOTS Baumwoll-Tragetasche<\/strong> mehr Pers\u00f6nlichkeit verleihen? Diese Verpackung eignet sich gut f\u00fcr den Druck und ist in mehreren Farben erh\u00e4ltlich. Ideal f\u00fcr eine nachhaltige Promotion Ihrer Marke. Kontaktieren Sie uns f\u00fcr individuelle Gestaltungsm\u00f6glichkeiten und ein Angebot!<\/p>\n<p><img fetchpriority=\"high\" decoding=\"async\" class=\"attachment-266x266 alignnone\" src=\"https:\/\/www.willemspackaging.com\/wp-content\/uploads\/2023\/06\/cotton-GOTS-carrier-bag-1-1.jpg\" alt=\"GOTS Baumwoll-Tragetasche\" width=\"266\" height=\"266\" title=\"\"><\/p>\n<p>&nbsp;<\/p>\n","protected":false},"excerpt":{"rendered":"<p><span style=\"font-weight: 400;\">Diese Tragetasche ist aus Baumwolle gefertigt, die dem Global Organic Textile Standard (GOTS) entspricht. Das atmungsaktive Material h\u00e4lt den Inhalt frisch und bel\u00fcftet. Das Design der Tragetasche kann mit einem Druck individuell gestaltet werden. Sie ist in verschiedenen Farben und Gr\u00f6\u00dfen erh\u00e4ltlich.<\/span><\/p>\n<p><span style=\"font-weight: 400;\">Da die Verpackung aus Monomaterial hergestellt ist, kann sie nach ihrer Lebensdauer ordnungsgem\u00e4\u00df recycelt werden.<\/span><\/p>\n","protected":false},"featured_media":7232,"template":"","meta":{"site-sidebar-layout":"default","site-content-layout":"default","ast-site-content-layout":"default","site-content-style":"default","site-sidebar-style":"default","ast-global-header-display":"","ast-banner-title-visibility":"","ast-main-header-display":"","ast-hfb-above-header-display":"","ast-hfb-below-header-display":"","ast-hfb-mobile-header-display":"","site-post-title":"","ast-breadcrumbs-content":"","ast-featured-img":"","footer-sml-layout":"","ast-disable-related-posts":"","theme-transparent-header-meta":"default","adv-header-id-meta":"","stick-header-meta":"","header-above-stick-meta":"","header-main-stick-meta":"","header-below-stick-meta":"","astra-migrate-meta-layouts":"set","ast-page-background-enabled":"default","ast-page-background-meta":{"desktop":{"background-color":"var(--ast-global-color-4)","background-image":"","background-repeat":"repeat","background-position":"center center","background-size":"auto","background-attachment":"scroll","background-type":"","background-media":"","overlay-type":"","overlay-color":"","overlay-opacity":"","overlay-gradient":""},"tablet":{"background-color":"","background-image":"","background-repeat":"repeat","background-position":"center center","background-size":"auto","background-attachment":"scroll","background-type":"","background-media":"","overlay-type":"","overlay-color":"","overlay-opacity":"","overlay-gradient":""},"mobile":{"background-color":"","background-image":"","background-repeat":"repeat","background-position":"center center","background-size":"auto","background-attachment":"scroll","background-type":"","background-media":"","overlay-type":"","overlay-color":"","overlay-opacity":"","overlay-gradient":""}},"ast-content-background-meta":{"desktop":{"background-color":"var(--ast-global-color-5)","background-image":"","background-repeat":"repeat","background-position":"center center","background-size":"auto","background-attachment":"scroll","background-type":"","background-media":"","overlay-type":"","overlay-color":"","overlay-opacity":"","overlay-gradient":""},"tablet":{"background-color":"var(--ast-global-color-5)","background-image":"","background-repeat":"repeat","background-position":"center center","background-size":"auto","background-attachment":"scroll","background-type":"","background-media":"","overlay-type":"","overlay-color":"","overlay-opacity":"","overlay-gradient":""},"mobile":{"background-color":"var(--ast-global-color-5)","background-image":"","background-repeat":"repeat","background-position":"center center","background-size":"auto","background-attachment":"scroll","background-type":"","background-media":"","overlay-type":"","overlay-color":"","overlay-opacity":"","overlay-gradient":""}}},"product_brand":[],"product_cat":[393],"product_tag":[],"class_list":{"0":"post-7234","1":"product","2":"type-product","3":"status-publish","4":"has-post-thumbnail","6":"product_cat-nachhaltige-verpackung","7":"desktop-align-left","8":"tablet-align-left","9":"mobile-align-left","11":"first","12":"instock","13":"shipping-taxable","14":"product-type-simple"},"_links":{"self":[{"href":"https:\/\/www.willemspackaging.com\/de\/wp-json\/wp\/v2\/product\/7234","targetHints":{"allow":["GET"]}}],"collection":[{"href":"https:\/\/www.willemspackaging.com\/de\/wp-json\/wp\/v2\/product"}],"about":[{"href":"https:\/\/www.willemspackaging.com\/de\/wp-json\/wp\/v2\/types\/product"}],"wp:featuredmedia":[{"embeddable":true,"href":"https:\/\/www.willemspackaging.com\/de\/wp-json\/wp\/v2\/media\/7232"}],"wp:attachment":[{"href":"https:\/\/www.willemspackaging.com\/de\/wp-json\/wp\/v2\/media?parent=7234"}],"wp:term":[{"taxonomy":"product_brand","embeddable":true,"href":"https:\/\/www.willemspackaging.com\/de\/wp-json\/wp\/v2\/product_brand?post=7234"},{"taxonomy":"product_cat","embeddable":true,"href":"https:\/\/www.willemspackaging.com\/de\/wp-json\/wp\/v2\/product_cat?post=7234"},{"taxonomy":"product_tag","embeddable":true,"href":"https:\/\/www.willemspackaging.com\/de\/wp-json\/wp\/v2\/product_tag?post=7234"}],"curies":[{"name":"wp","href":"https:\/\/api.w.org\/{rel}","templated":true}]}}