{"id":3745,"date":"2023-05-02T10:52:01","date_gmt":"2023-05-02T08:52:01","guid":{"rendered":"https:\/\/www.willemspackaging.com\/?post_type=product&#038;p=3745"},"modified":"2024-07-30T14:18:48","modified_gmt":"2024-07-30T12:18:48","slug":"runde-kinderbettdeckenbezug","status":"publish","type":"product","link":"https:\/\/www.willemspackaging.com\/de\/produkte\/runde-kinderbettdeckenbezug\/","title":{"rendered":"Runde Kinderbettdeckenbezug in Lila"},"content":{"rendered":"<h2>Runde Kinderbettdeckenbezug in Lila | Zylindrischer Verpackungsdesigner<\/h2>\n<h3><em>Geeignet f\u00fcr Lagerung &amp; Reise<\/em><\/h3>\n<p>&nbsp;<\/p>\n<h3>Zylinderf\u00f6rmiger Aufbewahrungsh\u00fclle f\u00fcr eine Kinderdecke<\/h3>\n<p>Diese zylindrische Kinderbettdecken-Aufbewahrungsh\u00fclle wird mit einem Rei\u00dfverschluss und einem robusten Trageband geliefert, was sie zu einer praktischen Wahl f\u00fcr jede zusammengerollte Kinderbettdecke macht. Auch eine Reisematratze f\u00fcr Kinder passt perfekt in diese Aufbewahrungsh\u00fclle! Neben ihrer Praktikabilit\u00e4t versichern wir Ihnen, dass die zylindrische Form im Gesch\u00e4ft Aufmerksamkeit erregen wird. Die Gr\u00f6\u00dfe, das Design und die Farbe der Tasche sind vollst\u00e4ndig anpassbar, mit Druckoptionen verf\u00fcgbar. Die Wahl der Anpassung liegt ganz bei Ihnen oder Ihrem Kunden.<\/p>\n<h3>Recycelbares LDPE<\/h3>\n<p>Das vorherrschende Material dieses Bezugs ist transparentes LDPE (Low-Density Polyethylene). Bekannt f\u00fcr seine Wasserabweisung, Isolierung und Robustheit, ist LDPE ein 100% recycelbares, phthalatfreies Kunststoff, was es zu einer besseren Wahl f\u00fcr die Umwelt macht.<\/p>\n<h3>Atmungsaktives PP non-woven<\/h3>\n<p>Der Bezug enth\u00e4lt auch lilafarbenes PP-Vlies (Polypropylen), ein robustes Material, ideal f\u00fcr die Verpackung. Vliesstoff sieht nicht nur luxuri\u00f6s aus, sondern ist auch wasserabweisend und atmungsaktiv, sodass die Bettdecke oder Reisematratze ausl\u00fcften kann, was das Risiko von Erstickungsgefahren und Schimmelbildung verhindert.<\/p>\n<h3>Individuelle Optionen | Runde Kinderbettdeckenbezug (B2B)<\/h3>\n<p>Willems Packaging, ein erfahrener Hersteller, Lieferant, Importeur und Gro\u00dfh\u00e4ndler, bietet Ihnen eine breite Palette von Taschen und Verpackungen f\u00fcr Bettdecken, Kissen und andere Bettwaren an. Interessiert an diesem Runden Kinderbettdeckenbezug f\u00fcr Kinderbettdecken oder Reisematratzen? Oder m\u00f6chten Sie mehr \u00fcber die Anpassungsoptionen erfahren? Z\u00f6gern Sie nicht, uns zu kontaktieren und Ihre Anforderungen f\u00fcr den Bezug mitzuteilen.<\/p>\n<p>&nbsp;<\/p>\n<p><img fetchpriority=\"high\" decoding=\"async\" class=\"attachment-266x266 alignnone\" src=\"https:\/\/www.willemspackaging.com\/wp-content\/uploads\/2023\/05\/round-purple-duvet-cover-1.jpg\" alt=\"Runde Kinderbettdeckenbezug in Lila\" width=\"266\" height=\"266\" title=\"\"><\/p>\n","protected":false},"excerpt":{"rendered":"<p>Auf der Suche nach einer Alternative zur Standard-Bettdeckenverpackung? Entdecken Sie die Vorteile des Runde Kinderbettdeckenbezugs in Lila, einer praktischen Wahl f\u00fcr jede Kinderbettdecke. Dieser Bezug besteht aus transparentem LDPE, kombiniert mit PP-Vliesstoff. Er wird garantiert die Aufmerksamkeit Ihrer Kunden im Laden auf sich ziehen!<\/p>\n","protected":false},"featured_media":5675,"template":"","meta":{"site-sidebar-layout":"default","site-content-layout":"default","ast-site-content-layout":"default","site-content-style":"default","site-sidebar-style":"default","ast-global-header-display":"","ast-banner-title-visibility":"","ast-main-header-display":"","ast-hfb-above-header-display":"","ast-hfb-below-header-display":"","ast-hfb-mobile-header-display":"","site-post-title":"","ast-breadcrumbs-content":"","ast-featured-img":"","footer-sml-layout":"","ast-disable-related-posts":"","theme-transparent-header-meta":"default","adv-header-id-meta":"","stick-header-meta":"","header-above-stick-meta":"","header-main-stick-meta":"","header-below-stick-meta":"","astra-migrate-meta-layouts":"set","ast-page-background-enabled":"default","ast-page-background-meta":{"desktop":{"background-color":"var(--ast-global-color-4)","background-image":"","background-repeat":"repeat","background-position":"center center","background-size":"auto","background-attachment":"scroll","background-type":"","background-media":"","overlay-type":"","overlay-color":"","overlay-opacity":"","overlay-gradient":""},"tablet":{"background-color":"","background-image":"","background-repeat":"repeat","background-position":"center center","background-size":"auto","background-attachment":"scroll","background-type":"","background-media":"","overlay-type":"","overlay-color":"","overlay-opacity":"","overlay-gradient":""},"mobile":{"background-color":"","background-image":"","background-repeat":"repeat","background-position":"center center","background-size":"auto","background-attachment":"scroll","background-type":"","background-media":"","overlay-type":"","overlay-color":"","overlay-opacity":"","overlay-gradient":""}},"ast-content-background-meta":{"desktop":{"background-color":"var(--ast-global-color-5)","background-image":"","background-repeat":"repeat","background-position":"center center","background-size":"auto","background-attachment":"scroll","background-type":"","background-media":"","overlay-type":"","overlay-color":"","overlay-opacity":"","overlay-gradient":""},"tablet":{"background-color":"var(--ast-global-color-5)","background-image":"","background-repeat":"repeat","background-position":"center center","background-size":"auto","background-attachment":"scroll","background-type":"","background-media":"","overlay-type":"","overlay-color":"","overlay-opacity":"","overlay-gradient":""},"mobile":{"background-color":"var(--ast-global-color-5)","background-image":"","background-repeat":"repeat","background-position":"center center","background-size":"auto","background-attachment":"scroll","background-type":"","background-media":"","overlay-type":"","overlay-color":"","overlay-opacity":"","overlay-gradient":""}}},"product_brand":[],"product_cat":[402],"product_tag":[],"class_list":{"0":"post-3745","1":"product","2":"type-product","3":"status-publish","4":"has-post-thumbnail","6":"product_cat-baby-und-kinderprodukte","7":"desktop-align-left","8":"tablet-align-left","9":"mobile-align-left","11":"first","12":"instock","13":"shipping-taxable","14":"product-type-simple"},"_links":{"self":[{"href":"https:\/\/www.willemspackaging.com\/de\/wp-json\/wp\/v2\/product\/3745","targetHints":{"allow":["GET"]}}],"collection":[{"href":"https:\/\/www.willemspackaging.com\/de\/wp-json\/wp\/v2\/product"}],"about":[{"href":"https:\/\/www.willemspackaging.com\/de\/wp-json\/wp\/v2\/types\/product"}],"wp:featuredmedia":[{"embeddable":true,"href":"https:\/\/www.willemspackaging.com\/de\/wp-json\/wp\/v2\/media\/5675"}],"wp:attachment":[{"href":"https:\/\/www.willemspackaging.com\/de\/wp-json\/wp\/v2\/media?parent=3745"}],"wp:term":[{"taxonomy":"product_brand","embeddable":true,"href":"https:\/\/www.willemspackaging.com\/de\/wp-json\/wp\/v2\/product_brand?post=3745"},{"taxonomy":"product_cat","embeddable":true,"href":"https:\/\/www.willemspackaging.com\/de\/wp-json\/wp\/v2\/product_cat?post=3745"},{"taxonomy":"product_tag","embeddable":true,"href":"https:\/\/www.willemspackaging.com\/de\/wp-json\/wp\/v2\/product_tag?post=3745"}],"curies":[{"name":"wp","href":"https:\/\/api.w.org\/{rel}","templated":true}]}}