{"id":3695,"date":"2023-05-02T10:24:15","date_gmt":"2023-05-02T08:24:15","guid":{"rendered":"https:\/\/www.willemspackaging.com\/?post_type=product&#038;p=3695"},"modified":"2024-07-30T14:32:26","modified_gmt":"2024-07-30T12:32:26","slug":"zeitungstasche-fur-hotel","status":"publish","type":"product","link":"https:\/\/www.willemspackaging.com\/de\/produkte\/zeitungstasche-fur-hotel\/","title":{"rendered":"Zeitungstasche f\u00fcr Hotel, B&amp;B oder G\u00e4stehaus"},"content":{"rendered":"<h2>Zeitungstasche f\u00fcr Hotel, B&amp;B oder G\u00e4stehaus<\/h2>\n<p>M\u00f6chten Sie Ihren Hotelg\u00e4sten eine Zeitungstasche geben, um beispielsweise die neueste Zeitung, Informationen \u00fcber das Hotel oder Brosch\u00fcren \u00fcber die Region mit zu geben? Diese wiederverwendbare Zeitungstasche von Willems Packaging ist von guter Qualit\u00e4t und bietet den richtigen Schutz. Die wasserabweisende Tasche ist in verschiedenen Farben erh\u00e4ltlich.<\/p>\n<p class=\"p1\">Bitte kontaktieren Sie uns f\u00fcr weitere Informationen \u00fcber die\u00a0<strong>Zeitungstasche f\u00fcr Hotel, B&amp;B oder G\u00e4stehaus<\/strong><\/p>\n<h3>Zeitungstasche drucken<\/h3>\n<p>Da diese Zeitungstasche auch f\u00fcr Ihr Hotel, B &amp; B oder G\u00e4stehaus gedruckt werden kann, ist dies auch eine gro\u00dfartige Werbung. Mit dem richtigen Aufdruck (wobei wir Ihnen gerne beraten!) Wird Ihr Hotel optimal pr\u00e4sentiert.<\/p>\n<p>Die Zeitungstaschen von Willems Packaging sind eine exzellente Wahl f\u00fcr Hotels, Bed &amp; Breakfasts und G\u00e4steh\u00e4user, die ihren G\u00e4sten einen besonderen Service bieten m\u00f6chten. Diese Taschen sind nicht nur funktional und wiederverwendbar, sondern auch eine elegante M\u00f6glichkeit, t\u00e4glich frische Zeitungen und Informationsmaterialien stilvoll zu pr\u00e4sentieren. Zudem k\u00f6nnen sie individuell bedruckt werden, um das Logo oder das Branding Ihres Hotels optimal zur Geltung zu bringen, was sie zu einem effektiven Marketinginstrument macht.<\/p>\n<p>Bitte kontaktieren Sie uns f\u00fcr weitere Informationen \u00fcber die\u00a0<strong>Zeitungstasche f\u00fcr Hotel, B&amp;B oder G\u00e4stehaus<\/strong><\/p>\n<p><img fetchpriority=\"high\" decoding=\"async\" class=\"attachment-266x266 alignnone\" src=\"https:\/\/www.willemspackaging.com\/wp-content\/uploads\/2023\/05\/newspaper-bag-1.jpg\" alt=\"Zeitungstasche f\u00fcr Hotel, B&amp;B oder G\u00e4stehaus\" width=\"266\" height=\"266\" title=\"\"><\/p>\n","protected":false},"excerpt":{"rendered":"<p>Als Hotelier oder Angestellter m\u00f6chten Sie Ihren G\u00e4sten immer das gewisse Extra bieten. Das betrifft gro\u00dfe Dinge wie hochwertige Dienstleistungen und perfekten Service, aber auch kleine Dinge. Zum Beispiel die Sorge f\u00fcr die Tageszeitung und n\u00fctzliche Brosch\u00fcren. Diese Zeitungstasche ist daf\u00fcr ein gutes Mittel. Die Tasche ist sehr praktisch, um sie Ihren Hotelg\u00e4sten mit zu geben.<\/p>\n","protected":false},"featured_media":5647,"template":"","meta":{"site-sidebar-layout":"default","site-content-layout":"default","ast-site-content-layout":"default","site-content-style":"default","site-sidebar-style":"default","ast-global-header-display":"","ast-banner-title-visibility":"","ast-main-header-display":"","ast-hfb-above-header-display":"","ast-hfb-below-header-display":"","ast-hfb-mobile-header-display":"","site-post-title":"","ast-breadcrumbs-content":"","ast-featured-img":"","footer-sml-layout":"","ast-disable-related-posts":"","theme-transparent-header-meta":"default","adv-header-id-meta":"","stick-header-meta":"","header-above-stick-meta":"","header-main-stick-meta":"","header-below-stick-meta":"","astra-migrate-meta-layouts":"set","ast-page-background-enabled":"default","ast-page-background-meta":{"desktop":{"background-color":"var(--ast-global-color-4)","background-image":"","background-repeat":"repeat","background-position":"center center","background-size":"auto","background-attachment":"scroll","background-type":"","background-media":"","overlay-type":"","overlay-color":"","overlay-opacity":"","overlay-gradient":""},"tablet":{"background-color":"","background-image":"","background-repeat":"repeat","background-position":"center center","background-size":"auto","background-attachment":"scroll","background-type":"","background-media":"","overlay-type":"","overlay-color":"","overlay-opacity":"","overlay-gradient":""},"mobile":{"background-color":"","background-image":"","background-repeat":"repeat","background-position":"center center","background-size":"auto","background-attachment":"scroll","background-type":"","background-media":"","overlay-type":"","overlay-color":"","overlay-opacity":"","overlay-gradient":""}},"ast-content-background-meta":{"desktop":{"background-color":"var(--ast-global-color-5)","background-image":"","background-repeat":"repeat","background-position":"center center","background-size":"auto","background-attachment":"scroll","background-type":"","background-media":"","overlay-type":"","overlay-color":"","overlay-opacity":"","overlay-gradient":""},"tablet":{"background-color":"var(--ast-global-color-5)","background-image":"","background-repeat":"repeat","background-position":"center center","background-size":"auto","background-attachment":"scroll","background-type":"","background-media":"","overlay-type":"","overlay-color":"","overlay-opacity":"","overlay-gradient":""},"mobile":{"background-color":"var(--ast-global-color-5)","background-image":"","background-repeat":"repeat","background-position":"center center","background-size":"auto","background-attachment":"scroll","background-type":"","background-media":"","overlay-type":"","overlay-color":"","overlay-opacity":"","overlay-gradient":""}}},"product_brand":[],"product_cat":[424],"product_tag":[],"class_list":{"0":"post-3695","1":"product","2":"type-product","3":"status-publish","4":"has-post-thumbnail","6":"product_cat-gastgewerbe-produkte","7":"desktop-align-left","8":"tablet-align-left","9":"mobile-align-left","11":"first","12":"instock","13":"shipping-taxable","14":"product-type-simple"},"_links":{"self":[{"href":"https:\/\/www.willemspackaging.com\/de\/wp-json\/wp\/v2\/product\/3695","targetHints":{"allow":["GET"]}}],"collection":[{"href":"https:\/\/www.willemspackaging.com\/de\/wp-json\/wp\/v2\/product"}],"about":[{"href":"https:\/\/www.willemspackaging.com\/de\/wp-json\/wp\/v2\/types\/product"}],"wp:featuredmedia":[{"embeddable":true,"href":"https:\/\/www.willemspackaging.com\/de\/wp-json\/wp\/v2\/media\/5647"}],"wp:attachment":[{"href":"https:\/\/www.willemspackaging.com\/de\/wp-json\/wp\/v2\/media?parent=3695"}],"wp:term":[{"taxonomy":"product_brand","embeddable":true,"href":"https:\/\/www.willemspackaging.com\/de\/wp-json\/wp\/v2\/product_brand?post=3695"},{"taxonomy":"product_cat","embeddable":true,"href":"https:\/\/www.willemspackaging.com\/de\/wp-json\/wp\/v2\/product_cat?post=3695"},{"taxonomy":"product_tag","embeddable":true,"href":"https:\/\/www.willemspackaging.com\/de\/wp-json\/wp\/v2\/product_tag?post=3695"}],"curies":[{"name":"wp","href":"https:\/\/api.w.org\/{rel}","templated":true}]}}