{"id":3294,"date":"2023-04-27T09:55:03","date_gmt":"2023-04-27T07:55:03","guid":{"rendered":"https:\/\/www.willemspackaging.com\/products\/non-woven-shopper\/"},"modified":"2024-08-15T10:13:27","modified_gmt":"2024-08-15T08:13:27","slug":"non-woven-shopper","status":"publish","type":"product","link":"https:\/\/www.willemspackaging.com\/de\/produkte\/non-woven-shopper\/","title":{"rendered":"Non-woven Shopper"},"content":{"rendered":"<h2>Non-woven Shopper<\/h2>\n<p>Dieser robuste <strong>non-woven Shopper<\/strong>beutel ist von guter Qualit\u00e4t. Es ist eine starke Tasche, die sehr gut f\u00fcr wiederholte Nutzung geeignet ist. Der Shopper hat n\u00fctzliche Tragegriffe f\u00fcr einfaches Tragen. Die Tasche hat eine rechteckige Form und bietet damit viel Raum. Bei Willems Packaging k\u00f6nnen Sie sicher sein, dass Sie nur die bestm\u00f6gliche Qualit\u00e4t liefern.<\/p>\n<h3>Non-Woven Shopper mit Aufdruck<\/h3>\n<p>Die <strong>non-woven Shopper<\/strong>s sind in mehr als zwanzig verschiedenen Farben erh\u00e4ltlich. Und egal welche konkreten Details Sie oder Ihr Kunde auf dem Shopper sehen m\u00f6chten, z.B. ein Logo oder ein Text: es ist m\u00f6glich. Die Shoppertasche kann bedruckt werden. Mit dem richtigen Druck eignet sich der Shopper sehr gut f\u00fcr Werbezwecke. Zum Beispiel, bedruckte Shopper machen sich gut bei kommerziellen Veranstaltungen, wie Messen. Und nat\u00fcrlich ist eine gedruckte Shopper-Tasche auch im t\u00e4glichen Gebrauch kostenlos.<\/p>\n<h3>PP non-woven Shopper<\/h3>\n<p>Der Shopper ist aus non-woven hergestellt. Dies ist auch bekannt als PP non-woven, weil es aus PP (Polypropylene) hergestellt ist. Dieses Material f\u00fchlt sich wie ein steifer Stoff an. Dies macht es ideal f\u00fcr starke, robuste Shopper. PP non-woven hat auch ein luxuri\u00f6ses Aussehen. Zu den guten Eigenschaften von non-woven geh\u00f6rt, dass es wasserabweisend und Atmungsaktiv ist. Non-woven sorgt auch daf\u00fcr, dass die Materialien im Shopper unter anderem gut gegen Wetterbedingungen gesch\u00fctzt werden.<\/p>\n<p>&nbsp;<\/p>\n<p><img fetchpriority=\"high\" decoding=\"async\" class=\"attachment-266x266 alignnone\" src=\"https:\/\/www.willemspackaging.com\/wp-content\/uploads\/2023\/04\/non-woven-shopper.jpg\" alt=\"Non-woven Shopper\" width=\"266\" height=\"266\" title=\"\"><\/p>\n","protected":false},"excerpt":{"rendered":"<p>Non-woven Shopper k\u00f6nnen nicht l\u00e4nger von der Stra\u00dfe ignoriert werden. Jeder hat einen oder mehrere gro\u00dfe Shopper im Haus. Shopper sind deswegen auch ideal f\u00fcr jeden Anlass, zum Beispiel beim Einkaufen. F\u00fcr Gesch\u00e4ftskunden sind Shopper ideal, um Produkte an Ihren Kunden mit zu geben. Suchen Sie einen sch\u00f6nen netten Shopper? Dann empfehlen wir diesen Vlies-Shopper.<\/p>\n","protected":false},"featured_media":3292,"template":"","meta":{"site-sidebar-layout":"default","site-content-layout":"default","ast-site-content-layout":"default","site-content-style":"default","site-sidebar-style":"default","ast-global-header-display":"","ast-banner-title-visibility":"","ast-main-header-display":"","ast-hfb-above-header-display":"","ast-hfb-below-header-display":"","ast-hfb-mobile-header-display":"","site-post-title":"","ast-breadcrumbs-content":"","ast-featured-img":"","footer-sml-layout":"","ast-disable-related-posts":"","theme-transparent-header-meta":"default","adv-header-id-meta":"","stick-header-meta":"","header-above-stick-meta":"","header-main-stick-meta":"","header-below-stick-meta":"","astra-migrate-meta-layouts":"set","ast-page-background-enabled":"default","ast-page-background-meta":{"desktop":{"background-color":"var(--ast-global-color-4)","background-image":"","background-repeat":"repeat","background-position":"center center","background-size":"auto","background-attachment":"scroll","background-type":"","background-media":"","overlay-type":"","overlay-color":"","overlay-opacity":"","overlay-gradient":""},"tablet":{"background-color":"","background-image":"","background-repeat":"repeat","background-position":"center center","background-size":"auto","background-attachment":"scroll","background-type":"","background-media":"","overlay-type":"","overlay-color":"","overlay-opacity":"","overlay-gradient":""},"mobile":{"background-color":"","background-image":"","background-repeat":"repeat","background-position":"center center","background-size":"auto","background-attachment":"scroll","background-type":"","background-media":"","overlay-type":"","overlay-color":"","overlay-opacity":"","overlay-gradient":""}},"ast-content-background-meta":{"desktop":{"background-color":"var(--ast-global-color-5)","background-image":"","background-repeat":"repeat","background-position":"center center","background-size":"auto","background-attachment":"scroll","background-type":"","background-media":"","overlay-type":"","overlay-color":"","overlay-opacity":"","overlay-gradient":""},"tablet":{"background-color":"var(--ast-global-color-5)","background-image":"","background-repeat":"repeat","background-position":"center center","background-size":"auto","background-attachment":"scroll","background-type":"","background-media":"","overlay-type":"","overlay-color":"","overlay-opacity":"","overlay-gradient":""},"mobile":{"background-color":"var(--ast-global-color-5)","background-image":"","background-repeat":"repeat","background-position":"center center","background-size":"auto","background-attachment":"scroll","background-type":"","background-media":"","overlay-type":"","overlay-color":"","overlay-opacity":"","overlay-gradient":""}}},"product_brand":[],"product_cat":[416,417],"product_tag":[],"class_list":{"0":"post-3294","1":"product","2":"type-product","3":"status-publish","4":"has-post-thumbnail","6":"product_cat-shoppertaschen","7":"product_cat-einzelhandel-und-e-commerce-produkte","8":"desktop-align-left","9":"tablet-align-left","10":"mobile-align-left","12":"first","13":"instock","14":"shipping-taxable","15":"product-type-simple"},"_links":{"self":[{"href":"https:\/\/www.willemspackaging.com\/de\/wp-json\/wp\/v2\/product\/3294","targetHints":{"allow":["GET"]}}],"collection":[{"href":"https:\/\/www.willemspackaging.com\/de\/wp-json\/wp\/v2\/product"}],"about":[{"href":"https:\/\/www.willemspackaging.com\/de\/wp-json\/wp\/v2\/types\/product"}],"wp:featuredmedia":[{"embeddable":true,"href":"https:\/\/www.willemspackaging.com\/de\/wp-json\/wp\/v2\/media\/3292"}],"wp:attachment":[{"href":"https:\/\/www.willemspackaging.com\/de\/wp-json\/wp\/v2\/media?parent=3294"}],"wp:term":[{"taxonomy":"product_brand","embeddable":true,"href":"https:\/\/www.willemspackaging.com\/de\/wp-json\/wp\/v2\/product_brand?post=3294"},{"taxonomy":"product_cat","embeddable":true,"href":"https:\/\/www.willemspackaging.com\/de\/wp-json\/wp\/v2\/product_cat?post=3294"},{"taxonomy":"product_tag","embeddable":true,"href":"https:\/\/www.willemspackaging.com\/de\/wp-json\/wp\/v2\/product_tag?post=3294"}],"curies":[{"name":"wp","href":"https:\/\/api.w.org\/{rel}","templated":true}]}}