{"id":3287,"date":"2023-04-27T09:41:56","date_gmt":"2023-04-27T07:41:56","guid":{"rendered":"https:\/\/www.willemspackaging.com\/products\/shoppertasche\/"},"modified":"2024-07-30T14:20:41","modified_gmt":"2024-07-30T12:20:41","slug":"shoppertasche","status":"publish","type":"product","link":"https:\/\/www.willemspackaging.com\/de\/produkte\/shoppertasche\/","title":{"rendered":"Shoppertasche"},"content":{"rendered":"<h2>Shoppertasche<\/h2>\n<p>Diese solide tasche ist von guter Qualit\u00e4t und bietet immer den richtigen Schutz. Es ist egal, was Sie oder Ihr Kunde aufbewahren oder transportieren m\u00f6chten. Es ist eine starke Tasche, die sehr gut mehrmals verwendet werden kann. Die starke tasche hat bequeme Tragehenkel f\u00fcr Tragekomfort. Die Tasche hat eine rechteckige Form und bietet deshalb viel Raum. Die Tasche ist in verschiedenen Farben und Formaten verf\u00fcgbar.<\/p>\n<h3>Shoppertasche bedrucken<\/h3>\n<p>Die tasche bedrucken lassen? Auch dies ist kein Problem. Mit dem richtigen Aufdruckt wird ein tasche sehr gut f\u00fcr Werbezwecke verwendbar. Taschen mit Druck sind sehr effektiv w\u00e4hrend zum Beispiel Messen und kommerziellen Veranstaltungen. Ihr Logo, Slogan oder Ihre Corporate Identity \u2013 oder die Ihres Kunden \u2013 werden von Hand mitgenommen oder \u00fcber dem Schulter getragen und fungieren damit als bewegliche Werbung. Und nat\u00fcrlich ist eine bedruckte tasche auch im t\u00e4glichen Gebrauch gute Werbung f\u00fcr Ihre Marke oder die Ihres Kunden.<\/p>\n<h3>Oxford Shopper-Tasche<\/h3>\n<p>Die tasche ist aus Oxford hergstellt; ein Material, das sich durch eine grobe Webstruktur auszeichnet. Oxford ist ein nachhaltiges, robustes Material, damit die tasche mehrmals genutzt werden kann.<\/p>\n<p>&nbsp;<\/p>\n<p><img fetchpriority=\"high\" decoding=\"async\" class=\"attachment-266x266 alignnone\" src=\"https:\/\/www.willemspackaging.com\/wp-content\/uploads\/2023\/04\/shopping-bag-nylon.jpg\" alt=\"Shoppertasche\" width=\"266\" height=\"266\" title=\"\"><\/p>\n","protected":false},"excerpt":{"rendered":"<p>Eine Shoppertasche ist vielseitig einsetzbar. Shopper sind ideal f\u00fcr jeden Anlass: mit Ihnen w\u00e4hrend des Einkaufens oder zur Arbeit zu nehmen, aber auch um Ihren Kunden Produkte mitzugeben. Sind Sie auf der Suche nach einer soliden Shoppertasche f\u00fcr sich selbst oder f\u00fcr einen Kunden? Dann empfehlen wir diese Shoppertasche, die selbstverst\u00e4ndlich auch bedruckt werden kann.<\/p>\n","protected":false},"featured_media":5611,"template":"","meta":{"site-sidebar-layout":"default","site-content-layout":"default","ast-site-content-layout":"default","site-content-style":"default","site-sidebar-style":"default","ast-global-header-display":"","ast-banner-title-visibility":"","ast-main-header-display":"","ast-hfb-above-header-display":"","ast-hfb-below-header-display":"","ast-hfb-mobile-header-display":"","site-post-title":"","ast-breadcrumbs-content":"","ast-featured-img":"","footer-sml-layout":"","ast-disable-related-posts":"","theme-transparent-header-meta":"default","adv-header-id-meta":"","stick-header-meta":"","header-above-stick-meta":"","header-main-stick-meta":"","header-below-stick-meta":"","astra-migrate-meta-layouts":"set","ast-page-background-enabled":"default","ast-page-background-meta":{"desktop":{"background-color":"var(--ast-global-color-4)","background-image":"","background-repeat":"repeat","background-position":"center center","background-size":"auto","background-attachment":"scroll","background-type":"","background-media":"","overlay-type":"","overlay-color":"","overlay-opacity":"","overlay-gradient":""},"tablet":{"background-color":"","background-image":"","background-repeat":"repeat","background-position":"center center","background-size":"auto","background-attachment":"scroll","background-type":"","background-media":"","overlay-type":"","overlay-color":"","overlay-opacity":"","overlay-gradient":""},"mobile":{"background-color":"","background-image":"","background-repeat":"repeat","background-position":"center center","background-size":"auto","background-attachment":"scroll","background-type":"","background-media":"","overlay-type":"","overlay-color":"","overlay-opacity":"","overlay-gradient":""}},"ast-content-background-meta":{"desktop":{"background-color":"var(--ast-global-color-5)","background-image":"","background-repeat":"repeat","background-position":"center center","background-size":"auto","background-attachment":"scroll","background-type":"","background-media":"","overlay-type":"","overlay-color":"","overlay-opacity":"","overlay-gradient":""},"tablet":{"background-color":"var(--ast-global-color-5)","background-image":"","background-repeat":"repeat","background-position":"center center","background-size":"auto","background-attachment":"scroll","background-type":"","background-media":"","overlay-type":"","overlay-color":"","overlay-opacity":"","overlay-gradient":""},"mobile":{"background-color":"var(--ast-global-color-5)","background-image":"","background-repeat":"repeat","background-position":"center center","background-size":"auto","background-attachment":"scroll","background-type":"","background-media":"","overlay-type":"","overlay-color":"","overlay-opacity":"","overlay-gradient":""}}},"product_brand":[],"product_cat":[416,417],"product_tag":[],"class_list":{"0":"post-3287","1":"product","2":"type-product","3":"status-publish","4":"has-post-thumbnail","6":"product_cat-shoppertaschen","7":"product_cat-einzelhandel-und-e-commerce-produkte","8":"desktop-align-left","9":"tablet-align-left","10":"mobile-align-left","12":"first","13":"instock","14":"shipping-taxable","15":"product-type-simple"},"_links":{"self":[{"href":"https:\/\/www.willemspackaging.com\/de\/wp-json\/wp\/v2\/product\/3287","targetHints":{"allow":["GET"]}}],"collection":[{"href":"https:\/\/www.willemspackaging.com\/de\/wp-json\/wp\/v2\/product"}],"about":[{"href":"https:\/\/www.willemspackaging.com\/de\/wp-json\/wp\/v2\/types\/product"}],"wp:featuredmedia":[{"embeddable":true,"href":"https:\/\/www.willemspackaging.com\/de\/wp-json\/wp\/v2\/media\/5611"}],"wp:attachment":[{"href":"https:\/\/www.willemspackaging.com\/de\/wp-json\/wp\/v2\/media?parent=3287"}],"wp:term":[{"taxonomy":"product_brand","embeddable":true,"href":"https:\/\/www.willemspackaging.com\/de\/wp-json\/wp\/v2\/product_brand?post=3287"},{"taxonomy":"product_cat","embeddable":true,"href":"https:\/\/www.willemspackaging.com\/de\/wp-json\/wp\/v2\/product_cat?post=3287"},{"taxonomy":"product_tag","embeddable":true,"href":"https:\/\/www.willemspackaging.com\/de\/wp-json\/wp\/v2\/product_tag?post=3287"}],"curies":[{"name":"wp","href":"https:\/\/api.w.org\/{rel}","templated":true}]}}